{"id":157,"date":"2018-04-29T20:38:26","date_gmt":"2018-04-29T19:38:26","guid":{"rendered":"https:\/\/roswitha-faist.at\/?page_id=157"},"modified":"2018-10-07T18:19:12","modified_gmt":"2018-10-07T17:19:12","slug":"ueber-mich","status":"publish","type":"page","link":"https:\/\/roswitha-faist.at\/?page_id=157","title":{"rendered":"\u00dcber mich"},"content":{"rendered":"<div class=\"wpb-content-wrapper\">[vc_row][vc_column][vc_single_image image=&#8220;202&#8243; img_size=&#8220;medium&#8220; alignment=&#8220;center&#8220; style=&#8220;vc_box_shadow_3d&#8220; onclick=&#8220;link_image&#8220; css_animation=&#8220;fadeInLeftBig&#8220; title=&#8220;Roswitha Faist&#8220;][\/vc_column][\/vc_row][vc_row][vc_column][vc_column_text]Zu meiner Person:<\/p>\n<p>Ich wurde am 16.03.1957 um 12:00 in Vorau geboren.\u00a0Meine Kindheit in einer christlichen Ursprungsfamilie verbrachte ich gemeinsam mit 9 Geschwistern in Falkenstein.<\/p>\n<p>Nach der Volksschule in Falkenstein und der Hauptschule in Ratten absolvierte ich die Ausbildung zur Kindergartenp\u00e4dagogin in Bruck\/Mur, mit Abschluss 1976.<\/p>\n<p>Ich blicke auf 40 Jahre Berufserfahrung als Kindergartenp\u00e4dagogin zur\u00fcck, wo ich in der Stadt Graz besch\u00e4ftigt war.\u00a0Ich bin seit 1976 verheiratet, habe einen gro\u00dfartigen Sohn auf den ich sehr stolz bin, eine Schwiegertochter und 2 wunderbare Enkelkinder, die mein Gl\u00fcck vollenden.<\/p>\n<p>Ich bildete mich in den verschiedensten Bereichen weiter:<\/p>\n<p>Absolvierte einen Lehrgang f\u00fcr Bachbl\u00fcten &#8211; Beratung 1991\/1992 bei Frau Gudrun Schreiner in Graz.<\/p>\n<p>Absolvierte eine 2j\u00e4hrige astrologische Ausbildung bei <a href=\"https:\/\/frankfelber.at\/\">Frank Felber<\/a>, die ich 2008 abschloss.<\/p>\n<p>Die Astrologie ist ein hervorragendes Werkzeug um Anlagen zu verstehen und Talente hervorzuheben. Meine Liebe und Begeisterung zur Astrologie w\u00e4chst mit jeder zus\u00e4tzlichen Erfahrung.<\/p>\n<p>Meine Schwiegertochter ist Apothekerin mit eigener <a href=\"http:\/\/aesculus-apotheke.at\/\">Apotheke in Saalfelden.<\/a>\u00a0Dort bot ich vielfach Bachbl\u00fctenberatungen in Kombination mit Astrologie an, zur voller Zufriedenheit der Kunden\/Innen.\u00a0Dieses Angebot k\u00f6nnen Sie ebenfalls gerne in Anspruch nehmen.<\/p>\n<p>Weiters schreibe ich Aphorismen, Geschichten , Weisheiten, Gedichte und vieles mehr.<\/p>\n<p>Ich w\u00fcnsche Euch viele sch\u00f6ne Stunden auf meiner Website<\/p>\n<p>&nbsp;<\/p>\n<p>Roswitha Faist[\/vc_column_text][\/vc_column][\/vc_row][vc_row][vc_column width=&#8220;1\/4&#8243;]<div class=\"shortcode-wrapper shortcode-icon-box clearfix\"><div class=\"feature-box aligncenter\"><div class=\"hb-icon-wrapper\"><i class=\"icon-user ic-holder-1\"><\/i><\/div><div class=\"feature-box-content\"><h4 class=\"bold\">Roswitha Faist<\/h4><div class=\"hb-small-break\"><\/div><p>1957<\/p><\/div><\/div><\/div>[\/vc_column][vc_column width=&#8220;1\/4&#8243;]<div class=\"shortcode-wrapper shortcode-icon-box clearfix\"><div class=\"feature-box aligncenter\"><a href=\"https:\/\/goo.gl\/maps\/WZy5xdmNSp52\" target=\"_blank\" class=\"hb-icon-wrapper\"><i class=\"hb-moon-compass ic-holder-1\"><\/i><\/a><div class=\"feature-box-content\"><h4 class=\"bold\"><a href=\"https:\/\/goo.gl\/maps\/WZy5xdmNSp52\" target=\"_blank\">Pirching<\/a><\/h4><div class=\"hb-small-break\"><\/div><p>Pirching 118<br \/>\n8081 Pirching am Traubenberg<\/p><\/div><\/div><\/div>[\/vc_column][vc_column width=&#8220;1\/4&#8243;]<div class=\"shortcode-wrapper shortcode-icon-box clearfix\"><div class=\"feature-box aligncenter\"><div class=\"hb-icon-wrapper\"><i class=\"hb-moon-flower ic-holder-1\"><\/i><\/div><div class=\"feature-box-content\"><h4 class=\"bold\">Bachbl\u00fcten<\/h4><div class=\"hb-small-break\"><\/div><p>Beratung seit 1992<\/p><\/div><\/div><\/div>[\/vc_column][vc_column width=&#8220;1\/4&#8243;]<div class=\"shortcode-wrapper shortcode-icon-box clearfix\"><div class=\"feature-box aligncenter\"><div class=\"hb-icon-wrapper\"><i class=\"hb-moon-sun-2 ic-holder-1\"><\/i><\/div><div class=\"feature-box-content\"><h4 class=\"bold\">Astrologie<\/h4><div class=\"hb-small-break\"><\/div><p>Beratung seit<br \/>\n2008<\/p><\/div><\/div><\/div>[\/vc_column][\/vc_row]\n<\/div>","protected":false},"excerpt":{"rendered":"<p>[vc_row][vc_column][vc_single_image image=&#8220;202&#8243; img_size=&#8220;medium&#8220; alignment=&#8220;center&#8220; style=&#8220;vc_box_shadow_3d&#8220; onclick=&#8220;link_image&#8220; css_animation=&#8220;fadeInLeftBig&#8220; title=&#8220;Roswitha Faist&#8220;][\/vc_column][\/vc_row][vc_row][vc_column][vc_column_text]Zu meiner Person: Ich wurde am 16.03.1957 um 12:00 in Vorau geboren.\u00a0Meine [&hellip;]<\/p>\n","protected":false},"author":3,"featured_media":0,"parent":0,"menu_order":0,"comment_status":"closed","ping_status":"closed","template":"","meta":{"footnotes":""},"_links":{"self":[{"href":"https:\/\/roswitha-faist.at\/index.php?rest_route=\/wp\/v2\/pages\/157"}],"collection":[{"href":"https:\/\/roswitha-faist.at\/index.php?rest_route=\/wp\/v2\/pages"}],"about":[{"href":"https:\/\/roswitha-faist.at\/index.php?rest_route=\/wp\/v2\/types\/page"}],"author":[{"embeddable":true,"href":"https:\/\/roswitha-faist.at\/index.php?rest_route=\/wp\/v2\/users\/3"}],"replies":[{"embeddable":true,"href":"https:\/\/roswitha-faist.at\/index.php?rest_route=%2Fwp%2Fv2%2Fcomments&post=157"}],"version-history":[{"count":17,"href":"https:\/\/roswitha-faist.at\/index.php?rest_route=\/wp\/v2\/pages\/157\/revisions"}],"predecessor-version":[{"id":1491,"href":"https:\/\/roswitha-faist.at\/index.php?rest_route=\/wp\/v2\/pages\/157\/revisions\/1491"}],"wp:attachment":[{"href":"https:\/\/roswitha-faist.at\/index.php?rest_route=%2Fwp%2Fv2%2Fmedia&parent=157"}],"curies":[{"name":"wp","href":"https:\/\/api.w.org\/{rel}","templated":true}]}}